{"id":189,"date":"2023-03-02T19:34:24","date_gmt":"2023-03-02T19:34:24","guid":{"rendered":"https:\/\/loudandclear-byspotify-staging.appspot.com\/de-DE\/?page_id=189"},"modified":"2026-04-07T21:37:24","modified_gmt":"2026-04-07T21:37:24","slug":"faq","status":"publish","type":"page","link":"https:\/\/loudandclear-byspotify-staging.appspot.com\/de-DE\/faq\/","title":{"rendered":"Antworten auf deine Fragen"},"content":{"rendered":"<p>Bestimmt hast du jede Menge Fragen zu den wirtschaftlichen Hintergr\u00fcnden des Musikstreamings und wir bem\u00fchen uns, dir Antworten darauf zu geben. Wir haben hier die Fragen gesammelt, die K\u00fcnstler*innen uns am h\u00e4ufigsten stellen, und werden sie weiter erg\u00e4nzen.<\/p>\n","protected":false},"excerpt":{"rendered":"<p>Bestimmt hast du jede Menge Fragen zu den wirtschaftlichen Hintergr\u00fcnden des Musikstreamings und wir bem\u00fchen uns, dir Antworten darauf zu geben. Wir haben hier die Fragen gesammelt, die K\u00fcnstler*innen uns am h\u00e4ufigsten stellen, und werden sie weiter erg\u00e4nzen.<\/p>\n","protected":false},"author":1,"featured_media":0,"parent":0,"menu_order":0,"comment_status":"closed","ping_status":"closed","template":"template-faqs.php","meta":{"_acf_changed":false,"footnotes":""},"acf":[],"yoast_head":"<!-- This site is optimized with the Yoast SEO plugin v22.5 - https:\/\/yoast.com\/wordpress\/plugins\/seo\/ -->\n<title>Antworten auf deine Fragen - Loud and Clear German<\/title>\n<meta name=\"robots\" content=\"index, follow, max-snippet:-1, max-image-preview:large, max-video-preview:-1\" \/>\n<link rel=\"canonical\" href=\"https:\/\/loudandclear-byspotify-staging.appspot.com\/de-DE\/faq\/\" \/>\n<meta property=\"og:locale\" content=\"de_DE\" \/>\n<meta property=\"og:type\" content=\"article\" \/>\n<meta property=\"og:title\" content=\"Antworten auf deine Fragen - Loud and Clear German\" \/>\n<meta property=\"og:description\" content=\"Bestimmt hast du jede Menge Fragen zu den wirtschaftlichen Hintergr\u00fcnden des Musikstreamings und wir bem\u00fchen uns, dir Antworten darauf zu geben. Wir haben hier die Fragen gesammelt, die K\u00fcnstler*innen uns am h\u00e4ufigsten stellen, und werden sie weiter erg\u00e4nzen.\" \/>\n<meta property=\"og:url\" content=\"https:\/\/loudandclear-byspotify-staging.appspot.com\/de-DE\/faq\/\" \/>\n<meta property=\"og:site_name\" content=\"Loud and Clear German\" \/>\n<meta property=\"article:modified_time\" content=\"2026-04-07T21:37:24+00:00\" \/>\n<meta name=\"twitter:card\" content=\"summary_large_image\" \/>\n<meta name=\"twitter:label1\" content=\"Est. reading time\" \/>\n\t<meta name=\"twitter:data1\" content=\"1 minute\" \/>\n<script type=\"application\/ld+json\" class=\"yoast-schema-graph\">{\"@context\":\"https:\/\/schema.org\",\"@graph\":[{\"@type\":\"WebPage\",\"@id\":\"https:\/\/loudandclear-byspotify-staging.appspot.com\/de-DE\/faq\/\",\"url\":\"https:\/\/loudandclear-byspotify-staging.appspot.com\/de-DE\/faq\/\",\"name\":\"Antworten auf deine Fragen - Loud and Clear German\",\"isPartOf\":{\"@id\":\"https:\/\/loudandclear-byspotify-staging.appspot.com\/de-DE\/#website\"},\"datePublished\":\"2023-03-02T19:34:24+00:00\",\"dateModified\":\"2026-04-07T21:37:24+00:00\",\"inLanguage\":\"de-DE\",\"potentialAction\":[{\"@type\":\"ReadAction\",\"target\":[\"https:\/\/loudandclear-byspotify-staging.appspot.com\/de-DE\/faq\/\"]}]},{\"@type\":\"WebSite\",\"@id\":\"https:\/\/loudandclear-byspotify-staging.appspot.com\/de-DE\/#website\",\"url\":\"https:\/\/loudandclear-byspotify-staging.appspot.com\/de-DE\/\",\"name\":\"Loud and Clear German\",\"description\":\"Just another Loud and Clear Sites site\",\"potentialAction\":[{\"@type\":\"SearchAction\",\"target\":{\"@type\":\"EntryPoint\",\"urlTemplate\":\"https:\/\/loudandclear-byspotify-staging.appspot.com\/de-DE\/?s={search_term_string}\"},\"query-input\":\"required name=search_term_string\"}],\"inLanguage\":\"de-DE\"}]}<\/script>\n<!-- \/ Yoast SEO plugin. -->","yoast_head_json":{"title":"Antworten auf deine Fragen - Loud and Clear German","robots":{"index":"index","follow":"follow","max-snippet":"max-snippet:-1","max-image-preview":"max-image-preview:large","max-video-preview":"max-video-preview:-1"},"canonical":"https:\/\/loudandclear-byspotify-staging.appspot.com\/de-DE\/faq\/","og_locale":"de_DE","og_type":"article","og_title":"Antworten auf deine Fragen - Loud and Clear German","og_description":"Bestimmt hast du jede Menge Fragen zu den wirtschaftlichen Hintergr\u00fcnden des Musikstreamings und wir bem\u00fchen uns, dir Antworten darauf zu geben. Wir haben hier die Fragen gesammelt, die K\u00fcnstler*innen uns am h\u00e4ufigsten stellen, und werden sie weiter erg\u00e4nzen.","og_url":"https:\/\/loudandclear-byspotify-staging.appspot.com\/de-DE\/faq\/","og_site_name":"Loud and Clear German","article_modified_time":"2026-04-07T21:37:24+00:00","twitter_card":"summary_large_image","twitter_misc":{"Est. reading time":"1 minute"},"schema":{"@context":"https:\/\/schema.org","@graph":[{"@type":"WebPage","@id":"https:\/\/loudandclear-byspotify-staging.appspot.com\/de-DE\/faq\/","url":"https:\/\/loudandclear-byspotify-staging.appspot.com\/de-DE\/faq\/","name":"Antworten auf deine Fragen - Loud and Clear German","isPartOf":{"@id":"https:\/\/loudandclear-byspotify-staging.appspot.com\/de-DE\/#website"},"datePublished":"2023-03-02T19:34:24+00:00","dateModified":"2026-04-07T21:37:24+00:00","inLanguage":"de-DE","potentialAction":[{"@type":"ReadAction","target":["https:\/\/loudandclear-byspotify-staging.appspot.com\/de-DE\/faq\/"]}]},{"@type":"WebSite","@id":"https:\/\/loudandclear-byspotify-staging.appspot.com\/de-DE\/#website","url":"https:\/\/loudandclear-byspotify-staging.appspot.com\/de-DE\/","name":"Loud and Clear German","description":"Just another Loud and Clear Sites site","potentialAction":[{"@type":"SearchAction","target":{"@type":"EntryPoint","urlTemplate":"https:\/\/loudandclear-byspotify-staging.appspot.com\/de-DE\/?s={search_term_string}"},"query-input":"required name=search_term_string"}],"inLanguage":"de-DE"}]}},"_links":{"self":[{"href":"https:\/\/loudandclear-byspotify-staging.appspot.com\/de-DE\/wp-json\/wp\/v2\/pages\/189"}],"collection":[{"href":"https:\/\/loudandclear-byspotify-staging.appspot.com\/de-DE\/wp-json\/wp\/v2\/pages"}],"about":[{"href":"https:\/\/loudandclear-byspotify-staging.appspot.com\/de-DE\/wp-json\/wp\/v2\/types\/page"}],"author":[{"embeddable":true,"href":"https:\/\/loudandclear-byspotify-staging.appspot.com\/de-DE\/wp-json\/wp\/v2\/users\/1"}],"replies":[{"embeddable":true,"href":"https:\/\/loudandclear-byspotify-staging.appspot.com\/de-DE\/wp-json\/wp\/v2\/comments?post=189"}],"version-history":[{"count":2,"href":"https:\/\/loudandclear-byspotify-staging.appspot.com\/de-DE\/wp-json\/wp\/v2\/pages\/189\/revisions"}],"predecessor-version":[{"id":393,"href":"https:\/\/loudandclear-byspotify-staging.appspot.com\/de-DE\/wp-json\/wp\/v2\/pages\/189\/revisions\/393"}],"wp:attachment":[{"href":"https:\/\/loudandclear-byspotify-staging.appspot.com\/de-DE\/wp-json\/wp\/v2\/media?parent=189"}],"curies":[{"name":"wp","href":"https:\/\/api.w.org\/{rel}","templated":true}]}}